{"id":16,"date":"2022-01-26T13:24:35","date_gmt":"2022-01-26T16:24:35","guid":{"rendered":"https:\/\/espacoicb.net\/?page_id=16"},"modified":"2022-01-27T17:48:39","modified_gmt":"2022-01-27T20:48:39","slug":"sobre","status":"publish","type":"page","link":"https:\/\/espacoicb.net\/?page_id=16","title":{"rendered":"sobre"},"content":{"rendered":"\n<h2 class=\"wp-block-heading\">Miss\u00e3o<\/h2>\n\n\n\n<p>Treinar e aperfei\u00e7oar pessoas para o exerc\u00edcio de sua chamada, cumprindo o seu destino. Elevar pessoas \u00e0 maturidade emocional e espiritual, renovando suas mentes pela verdade do evangelho, conquistando territ\u00f3rios para o Reino de Deus e definindo a realidade da nossa gera\u00e7\u00e3o e das pr\u00f3ximas.<\/p>\n\n\n\n<h2 class=\"wp-block-heading\">Vis\u00e3o<\/h2>\n\n\n\n<p>Ser um minist\u00e9rio atual e relevante na sociedade, que consegue oferecer respostas \u00e0s demandas das pessoas, atualizando-se sempre a fim de continuar movendo-se para o futuro e recebendo o novo de Deus.<\/p>\n\n\n\n<h2 class=\"wp-block-heading\">Valores<\/h2>\n\n\n\n<p>Excel\u00eancia, cultura do Reino, trabalho em equipe, vis\u00e3o positiva do futuro, esperan\u00e7a, alegria e regozijo, liberdade, servi\u00e7o, fraternidade, grandeza, prosperidade, solidariedade, paix\u00e3o, pureza, honestidade e transcend\u00eancia.<\/p>\n","protected":false},"excerpt":{"rendered":"<p>Miss\u00e3o Treinar e aperfei\u00e7oar pessoas para o exerc\u00edcio de sua chamada, cumprindo o seu destino. Elevar pessoas \u00e0 maturidade emocional e espiritual, renovando suas mentes pela verdade do evangelho, conquistando territ\u00f3rios para o Reino de Deus e definindo a realidade da nossa gera\u00e7\u00e3o e das pr\u00f3ximas. Vis\u00e3o Ser um minist\u00e9rio atual e relevante na sociedade, [&hellip;]<\/p>\n","protected":false},"author":1,"featured_media":0,"parent":0,"menu_order":0,"comment_status":"closed","ping_status":"closed","template":"","meta":{"footnotes":""},"class_list":["post-16","page","type-page","status-publish","hentry"],"_links":{"self":[{"href":"https:\/\/espacoicb.net\/index.php?rest_route=\/wp\/v2\/pages\/16","targetHints":{"allow":["GET"]}}],"collection":[{"href":"https:\/\/espacoicb.net\/index.php?rest_route=\/wp\/v2\/pages"}],"about":[{"href":"https:\/\/espacoicb.net\/index.php?rest_route=\/wp\/v2\/types\/page"}],"author":[{"embeddable":true,"href":"https:\/\/espacoicb.net\/index.php?rest_route=\/wp\/v2\/users\/1"}],"replies":[{"embeddable":true,"href":"https:\/\/espacoicb.net\/index.php?rest_route=%2Fwp%2Fv2%2Fcomments&post=16"}],"version-history":[{"count":2,"href":"https:\/\/espacoicb.net\/index.php?rest_route=\/wp\/v2\/pages\/16\/revisions"}],"predecessor-version":[{"id":156,"href":"https:\/\/espacoicb.net\/index.php?rest_route=\/wp\/v2\/pages\/16\/revisions\/156"}],"wp:attachment":[{"href":"https:\/\/espacoicb.net\/index.php?rest_route=%2Fwp%2Fv2%2Fmedia&parent=16"}],"curies":[{"name":"wp","href":"https:\/\/api.w.org\/{rel}","templated":true}]}}