{"id":20,"date":"2022-01-26T13:24:35","date_gmt":"2022-01-26T16:24:35","guid":{"rendered":"https:\/\/espacoicb.net\/?page_id=20"},"modified":"2022-07-15T13:25:49","modified_gmt":"2022-07-15T16:25:49","slug":"contribuicoes","status":"publish","type":"page","link":"https:\/\/espacoicb.net\/?page_id=20","title":{"rendered":"contribui\u00e7\u00f5es"},"content":{"rendered":"<div data-colibri-id=\"20-c1\" class=\"style-344 style-local-20-c1 position-relative\">\n  <!---->\n  <div data-colibri-component=\"section\" data-colibri-id=\"20-c2\" id=\"about-2\" class=\"h-section h-section-global-spacing d-flex align-items-lg-center align-items-md-center align-items-center style-355 style-local-20-c2 position-relative\">\n    <!---->\n    <!---->\n    <div class=\"h-section-grid-container h-section-boxed-container\">\n      <!---->\n      <div data-colibri-id=\"20-c3\" class=\"h-row-container gutters-row-lg-2 gutters-row-md-2 gutters-row-2 gutters-row-v-lg-2 gutters-row-v-md-2 gutters-row-v-2 style-356 style-local-20-c3 position-relative\">\n        <!---->\n        <div class=\"h-row justify-content-lg-center justify-content-md-center justify-content-center align-items-lg-stretch align-items-md-stretch align-items-stretch gutters-col-lg-2 gutters-col-md-2 gutters-col-2 gutters-col-v-lg-2 gutters-col-v-md-2 gutters-col-v-2\">\n          <!---->\n          <div class=\"h-column h-column-container d-flex h-col-lg-auto h-col-md-auto h-col-auto style-357-outer style-local-20-c4-outer\">\n            <div data-colibri-id=\"20-c4\" class=\"d-flex h-flex-basis h-column__inner h-px-lg-2 h-px-md-2 h-px-2 v-inner-lg-2 v-inner-md-2 v-inner-2 style-357 style-local-20-c4 position-relative\">\n              <!---->\n              <!---->\n              <div class=\"w-100 h-y-container h-column__content h-column__v-align flex-basis-100 align-self-lg-center align-self-md-center align-self-center\">\n                <!---->\n                <div data-colibri-id=\"20-c5\" class=\"h-global-transition-all h-heading style-358 style-local-20-c5 position-relative h-element\">\n                  <!---->\n                  <div class=\"h-heading__outer style-358 style-local-20-c5\">\n                    <!---->\n                    <!---->\n                    <a href=\"https:\/\/inpc.app\/n5Yj\" h-use-smooth-scroll=\"true\">\n                      <h5 class=\"\">SUA SEMENTE FAZ A DIFEREN\u00c7A<\/h5>\n                    <\/a>\n                  <\/div>\n                <\/div>\n                <div data-colibri-id=\"20-c6\" class=\"h-global-transition-all h-heading style-359 style-local-20-c6 position-relative h-element\">\n                  <!---->\n                  <div class=\"h-heading__outer style-359 style-local-20-c6\">\n                    <!---->\n                    <!---->\n                    <a href=\"https:\/\/inpc.app\/n5Yj\" target=\"_blank\" h-use-smooth-scroll=\"true\" rel=\"noopener\">\n                      <h2 class=\"\">Porque&nbsp;<em style=\"font-family: &quot;Playfair Display&quot;; color: rgb(247, 144, 7);\">Deus ama<\/em> ao que d\u00e1 com&nbsp;<em style=\"font-family: &quot;Playfair Display&quot;; color: rgb(247, 144, 7);\">alegria.<\/em><\/h2>\n                    <\/a>\n                  <\/div>\n                <\/div>\n                <div data-colibri-id=\"20-c7\" class=\"h-text h-text-component style-360 style-local-20-c7 position-relative h-element\">\n                  <!---->\n                  <!---->\n                  <div class=\"\">\n                    <p>Tragam o d\u00edzimo todo ao dep\u00f3sito do templo, para que haja alimento em minha casa.Ponham-me a prova, diz o Senhor dos Ex\u00e9rcitos, e vejam se n\u00e3o vou abrir as comportas dos c\u00e9us e derramar sobre voc\u00eas tantas ben\u00e7\u00e3o que nem ter\u00e3o onde\n                      guard\u00e1-las.<span style=\"color: rgb(51, 51, 51); font-family: Georgia, Times, &quot;Times New Roman&quot;, serif; font-size: 22px; font-weight: 400;\"> <\/span><\/p>\n                    <p> Malaquias 3:10<\/p>\n                  <\/div>\n                <\/div>\n                <div data-colibri-id=\"20-c8\" class=\"h-x-container style-361 style-local-20-c8 position-relative h-element\">\n                  <!---->\n                  <div class=\"h-x-container-inner style-dynamic-20-c8-group style-361-spacing style-local-20-c8-spacing\"><span class=\"h-button__outer style-362-outer style-local-20-c9-outer d-inline-flex h-element\"><a h-use-smooth-scroll=\"true\" href=\"https:\/\/inpc.app\/n5Yj\" data-colibri-id=\"20-c9\" class=\"d-flex w-100 align-items-center h-button justify-content-lg-center justify-content-md-center justify-content-center style-362 style-local-20-c9 position-relative\" target=\"_blank\" rel=\"nofollow noopener\"><!----><!----> <span>CLIQUE AQUI E CONTRIBUA<\/span><\/a>\n                    <\/span>\n                  <\/div>\n                <\/div>\n              <\/div>\n            <\/div>\n          <\/div>\n          <div class=\"h-column h-column-container d-flex h-col-lg-auto h-col-md-auto h-col-auto style-363-outer style-local-20-c10-outer\">\n            <div data-colibri-id=\"20-c10\" class=\"d-flex h-flex-basis h-column__inner h-px-lg-2 h-px-md-2 h-px-2 v-inner-lg-2 v-inner-md-2 v-inner-2 style-363 style-local-20-c10 position-relative\">\n              <!---->\n              <!---->\n              <div class=\"w-100 h-y-container h-column__content h-column__v-align flex-basis-100 align-self-lg-center align-self-md-center align-self-center\">\n                <!---->\n                <div data-colibri-id=\"20-c11\" class=\"d-block style-364 style-local-20-c11 position-relative h-element\">\n                  <!---->\n                  <div class=\"h-image__frame-container-outer\">\n                    <a href=\"https:\/\/inpc.app\/n5Yj\" h-use-smooth-scroll=\"true\" class=\"image-link\">\n                      <div class=\"h-image__frame-container\">\n                        <!---->\n                        <!---->\n                        <img loading=\"lazy\" decoding=\"async\" width=\"300\" height=\"300\" src=\"https:\/\/espacoicb.net\/wp-content\/uploads\/2022\/07\/cropped-qrcode-doe-espaco-icb.png\" class=\"wp-image-715 style-364-image style-local-20-c11-image\" alt=\"\" srcset=\"https:\/\/espacoicb.net\/wp-content\/uploads\/2022\/07\/cropped-qrcode-doe-espaco-icb.png 300w, https:\/\/espacoicb.net\/wp-content\/uploads\/2022\/07\/cropped-qrcode-doe-espaco-icb-150x150.png 150w\" sizes=\"auto, (max-width: 300px) 100vw, 300px\" \/>\n                        <div class=\"h-image__frame h-hide-sm style-364-frameImage style-local-20-c11-frameImage\"><\/div>\n                      <\/div>\n                    <\/a>\n                  <\/div>\n                <\/div>\n              <\/div>\n            <\/div>\n          <\/div>\n        <\/div>\n      <\/div>\n    <\/div>\n  <\/div>\n<\/div>","protected":false},"excerpt":{"rendered":"<p>SUA SEMENTE FAZ A DIFEREN\u00c7A Porque&nbsp;Deus ama ao que d\u00e1 com&nbsp;alegria. Tragam o d\u00edzimo todo ao dep\u00f3sito do templo, para que haja alimento em minha casa.Ponham-me a prova, diz o Senhor dos Ex\u00e9rcitos, e vejam se n\u00e3o vou abrir as comportas dos c\u00e9us e derramar sobre voc\u00eas tantas ben\u00e7\u00e3o que nem ter\u00e3o onde guard\u00e1-las. Malaquias [&hellip;]<\/p>\n","protected":false},"author":1,"featured_media":0,"parent":0,"menu_order":0,"comment_status":"closed","ping_status":"closed","template":"page-templates\/full-width-page.php","meta":{"footnotes":""},"class_list":["post-20","page","type-page","status-publish","hentry"],"_links":{"self":[{"href":"https:\/\/espacoicb.net\/index.php?rest_route=\/wp\/v2\/pages\/20","targetHints":{"allow":["GET"]}}],"collection":[{"href":"https:\/\/espacoicb.net\/index.php?rest_route=\/wp\/v2\/pages"}],"about":[{"href":"https:\/\/espacoicb.net\/index.php?rest_route=\/wp\/v2\/types\/page"}],"author":[{"embeddable":true,"href":"https:\/\/espacoicb.net\/index.php?rest_route=\/wp\/v2\/users\/1"}],"replies":[{"embeddable":true,"href":"https:\/\/espacoicb.net\/index.php?rest_route=%2Fwp%2Fv2%2Fcomments&post=20"}],"version-history":[{"count":10,"href":"https:\/\/espacoicb.net\/index.php?rest_route=\/wp\/v2\/pages\/20\/revisions"}],"predecessor-version":[{"id":774,"href":"https:\/\/espacoicb.net\/index.php?rest_route=\/wp\/v2\/pages\/20\/revisions\/774"}],"wp:attachment":[{"href":"https:\/\/espacoicb.net\/index.php?rest_route=%2Fwp%2Fv2%2Fmedia&parent=20"}],"curies":[{"name":"wp","href":"https:\/\/api.w.org\/{rel}","templated":true}]}}